{"id":284,"date":"2017-10-06T11:24:44","date_gmt":"2017-10-06T15:24:44","guid":{"rendered":"http:\/\/medicia.ca\/nos-chirurgies\/"},"modified":"2017-10-06T11:24:44","modified_gmt":"2017-10-06T15:24:44","slug":"nos-chirurgies","status":"publish","type":"page","link":"https:\/\/medicia.ca\/en\/nos-chirurgies\/","title":{"rendered":"Nos chirurgies"},"content":{"rendered":"","protected":false},"excerpt":{"rendered":"","protected":false},"author":2,"featured_media":250,"parent":0,"menu_order":0,"comment_status":"closed","ping_status":"closed","template":"page-about.php","meta":{"footnotes":""},"class_list":["post-284","page","type-page","status-publish","has-post-thumbnail","hentry"],"yoast_head":"<!-- This site is optimized with the Yoast SEO plugin v17.0 - https:\/\/yoast.com\/wordpress\/plugins\/seo\/ -->\n<title>Acc\u00e8s rapide \u00e0 une chirurgie priv\u00e9e de la colonne vert\u00e9brale | MEDICIA<\/title>\n<meta name=\"description\" content=\"MEDICIA offre plus que des chirurgies priv\u00e9es du dos. Notre \u00e9quipe est \u00e0 vos c\u00f4t\u00e9s de la premi\u00e8re consultation jusqu\u2019\u00e0 votre r\u00e9tablissement\" \/>\n<meta name=\"robots\" content=\"index, follow, max-snippet:-1, max-image-preview:large, max-video-preview:-1\" \/>\n<link rel=\"canonical\" href=\"https:\/\/medicia.ca\/en\/nos-chirurgies\/\" \/>\n<meta property=\"og:locale\" content=\"en_US\" \/>\n<meta property=\"og:type\" content=\"article\" \/>\n<meta property=\"og:title\" content=\"Acc\u00e8s rapide \u00e0 une chirurgie priv\u00e9e de la colonne vert\u00e9brale | MEDICIA\" \/>\n<meta property=\"og:description\" content=\"MEDICIA offre plus que des chirurgies priv\u00e9es du dos. Notre \u00e9quipe est \u00e0 vos c\u00f4t\u00e9s de la premi\u00e8re consultation jusqu\u2019\u00e0 votre r\u00e9tablissement\" \/>\n<meta property=\"og:url\" content=\"https:\/\/medicia.ca\/en\/nos-chirurgies\/\" \/>\n<meta property=\"og:site_name\" content=\"MEDICIA\" \/>\n<meta property=\"og:image\" content=\"https:\/\/medicia.ca\/wp-content\/uploads\/2017\/10\/chirurgie_du_dos.gif\" \/>\n\t<meta property=\"og:image:width\" content=\"1800\" \/>\n\t<meta property=\"og:image:height\" content=\"1403\" \/>\n<meta name=\"twitter:card\" content=\"summary\" \/>\n<script type=\"application\/ld+json\" class=\"yoast-schema-graph\">{\"@context\":\"https:\/\/schema.org\",\"@graph\":[{\"@type\":\"WebSite\",\"@id\":\"https:\/\/medicia.ca\/en\/#website\",\"url\":\"https:\/\/medicia.ca\/en\/\",\"name\":\"MEDICIA\",\"description\":\"Chirurgies priv\\u00e9es de la colonne vert\\u00e9brale\",\"potentialAction\":[{\"@type\":\"SearchAction\",\"target\":{\"@type\":\"EntryPoint\",\"urlTemplate\":\"https:\/\/medicia.ca\/en\/?s={search_term_string}\"},\"query-input\":\"required name=search_term_string\"}],\"inLanguage\":\"en-US\"},{\"@type\":\"ImageObject\",\"@id\":\"https:\/\/medicia.ca\/en\/nos-chirurgies\/#primaryimage\",\"inLanguage\":\"en-US\",\"url\":\"https:\/\/medicia.ca\/wp-content\/uploads\/2017\/10\/chirurgie_du_dos.gif\",\"contentUrl\":\"https:\/\/medicia.ca\/wp-content\/uploads\/2017\/10\/chirurgie_du_dos.gif\",\"width\":1800,\"height\":1403},{\"@type\":\"WebPage\",\"@id\":\"https:\/\/medicia.ca\/en\/nos-chirurgies\/#webpage\",\"url\":\"https:\/\/medicia.ca\/en\/nos-chirurgies\/\",\"name\":\"Acc\\u00e8s rapide \\u00e0 une chirurgie priv\\u00e9e de la colonne vert\\u00e9brale | MEDICIA\",\"isPartOf\":{\"@id\":\"https:\/\/medicia.ca\/en\/#website\"},\"primaryImageOfPage\":{\"@id\":\"https:\/\/medicia.ca\/en\/nos-chirurgies\/#primaryimage\"},\"datePublished\":\"2017-10-06T15:24:44+00:00\",\"dateModified\":\"2017-10-06T15:24:44+00:00\",\"description\":\"MEDICIA offre plus que des chirurgies priv\\u00e9es du dos. Notre \\u00e9quipe est \\u00e0 vos c\\u00f4t\\u00e9s de la premi\\u00e8re consultation jusqu\\u2019\\u00e0 votre r\\u00e9tablissement\",\"breadcrumb\":{\"@id\":\"https:\/\/medicia.ca\/en\/nos-chirurgies\/#breadcrumb\"},\"inLanguage\":\"en-US\",\"potentialAction\":[{\"@type\":\"ReadAction\",\"target\":[\"https:\/\/medicia.ca\/en\/nos-chirurgies\/\"]}]},{\"@type\":\"BreadcrumbList\",\"@id\":\"https:\/\/medicia.ca\/en\/nos-chirurgies\/#breadcrumb\",\"itemListElement\":[{\"@type\":\"ListItem\",\"position\":1,\"name\":\"Accueil\",\"item\":\"https:\/\/medicia.ca\/en\/\"},{\"@type\":\"ListItem\",\"position\":2,\"name\":\"Nos chirurgies\"}]}]}<\/script>\n<!-- \/ Yoast SEO plugin. -->","yoast_head_json":{"title":"Acc\u00e8s rapide \u00e0 une chirurgie priv\u00e9e de la colonne vert\u00e9brale | MEDICIA","description":"MEDICIA offre plus que des chirurgies priv\u00e9es du dos. Notre \u00e9quipe est \u00e0 vos c\u00f4t\u00e9s de la premi\u00e8re consultation jusqu\u2019\u00e0 votre r\u00e9tablissement","robots":{"index":"index","follow":"follow","max-snippet":"max-snippet:-1","max-image-preview":"max-image-preview:large","max-video-preview":"max-video-preview:-1"},"canonical":"https:\/\/medicia.ca\/en\/nos-chirurgies\/","og_locale":"en_US","og_type":"article","og_title":"Acc\u00e8s rapide \u00e0 une chirurgie priv\u00e9e de la colonne vert\u00e9brale | MEDICIA","og_description":"MEDICIA offre plus que des chirurgies priv\u00e9es du dos. Notre \u00e9quipe est \u00e0 vos c\u00f4t\u00e9s de la premi\u00e8re consultation jusqu\u2019\u00e0 votre r\u00e9tablissement","og_url":"https:\/\/medicia.ca\/en\/nos-chirurgies\/","og_site_name":"MEDICIA","og_image":[{"width":1800,"height":1403,"url":"https:\/\/medicia.ca\/wp-content\/uploads\/2017\/10\/chirurgie_du_dos.gif","path":"\/home\/s8yr6ekwa28c\/public_html\/wp-content\/uploads\/2017\/10\/chirurgie_du_dos.gif","size":"full","id":250,"alt":"","pixels":2525400,"type":"image\/gif"}],"twitter_card":"summary","schema":{"@context":"https:\/\/schema.org","@graph":[{"@type":"WebSite","@id":"https:\/\/medicia.ca\/en\/#website","url":"https:\/\/medicia.ca\/en\/","name":"MEDICIA","description":"Chirurgies priv\u00e9es de la colonne vert\u00e9brale","potentialAction":[{"@type":"SearchAction","target":{"@type":"EntryPoint","urlTemplate":"https:\/\/medicia.ca\/en\/?s={search_term_string}"},"query-input":"required name=search_term_string"}],"inLanguage":"en-US"},{"@type":"ImageObject","@id":"https:\/\/medicia.ca\/en\/nos-chirurgies\/#primaryimage","inLanguage":"en-US","url":"https:\/\/medicia.ca\/wp-content\/uploads\/2017\/10\/chirurgie_du_dos.gif","contentUrl":"https:\/\/medicia.ca\/wp-content\/uploads\/2017\/10\/chirurgie_du_dos.gif","width":1800,"height":1403},{"@type":"WebPage","@id":"https:\/\/medicia.ca\/en\/nos-chirurgies\/#webpage","url":"https:\/\/medicia.ca\/en\/nos-chirurgies\/","name":"Acc\u00e8s rapide \u00e0 une chirurgie priv\u00e9e de la colonne vert\u00e9brale | MEDICIA","isPartOf":{"@id":"https:\/\/medicia.ca\/en\/#website"},"primaryImageOfPage":{"@id":"https:\/\/medicia.ca\/en\/nos-chirurgies\/#primaryimage"},"datePublished":"2017-10-06T15:24:44+00:00","dateModified":"2017-10-06T15:24:44+00:00","description":"MEDICIA offre plus que des chirurgies priv\u00e9es du dos. Notre \u00e9quipe est \u00e0 vos c\u00f4t\u00e9s de la premi\u00e8re consultation jusqu\u2019\u00e0 votre r\u00e9tablissement","breadcrumb":{"@id":"https:\/\/medicia.ca\/en\/nos-chirurgies\/#breadcrumb"},"inLanguage":"en-US","potentialAction":[{"@type":"ReadAction","target":["https:\/\/medicia.ca\/en\/nos-chirurgies\/"]}]},{"@type":"BreadcrumbList","@id":"https:\/\/medicia.ca\/en\/nos-chirurgies\/#breadcrumb","itemListElement":[{"@type":"ListItem","position":1,"name":"Accueil","item":"https:\/\/medicia.ca\/en\/"},{"@type":"ListItem","position":2,"name":"Nos chirurgies"}]}]}},"_links":{"self":[{"href":"https:\/\/medicia.ca\/en\/wp-json\/wp\/v2\/pages\/284"}],"collection":[{"href":"https:\/\/medicia.ca\/en\/wp-json\/wp\/v2\/pages"}],"about":[{"href":"https:\/\/medicia.ca\/en\/wp-json\/wp\/v2\/types\/page"}],"author":[{"embeddable":true,"href":"https:\/\/medicia.ca\/en\/wp-json\/wp\/v2\/users\/2"}],"replies":[{"embeddable":true,"href":"https:\/\/medicia.ca\/en\/wp-json\/wp\/v2\/comments?post=284"}],"version-history":[{"count":0,"href":"https:\/\/medicia.ca\/en\/wp-json\/wp\/v2\/pages\/284\/revisions"}],"wp:featuredmedia":[{"embeddable":true,"href":"https:\/\/medicia.ca\/en\/wp-json\/wp\/v2\/media\/250"}],"wp:attachment":[{"href":"https:\/\/medicia.ca\/en\/wp-json\/wp\/v2\/media?parent=284"}],"curies":[{"name":"wp","href":"https:\/\/api.w.org\/{rel}","templated":true}]}}