{"id":283,"date":"2017-10-06T16:09:02","date_gmt":"2017-10-06T20:09:02","guid":{"rendered":"http:\/\/medicia.ca\/faq\/"},"modified":"2017-10-06T16:09:02","modified_gmt":"2017-10-06T20:09:02","slug":"faq","status":"publish","type":"page","link":"https:\/\/medicia.ca\/en\/faq\/","title":{"rendered":"FAQ"},"content":{"rendered":"","protected":false},"excerpt":{"rendered":"","protected":false},"author":2,"featured_media":236,"parent":0,"menu_order":0,"comment_status":"closed","ping_status":"closed","template":"page-faq.php","meta":{"footnotes":""},"class_list":["post-283","page","type-page","status-publish","has-post-thumbnail","hentry"],"yoast_head":"<!-- This site is optimized with the Yoast SEO plugin v17.0 - https:\/\/yoast.com\/wordpress\/plugins\/seo\/ -->\n<title>Combien co\u00fbte une chirurgie priv\u00e9e de la colonne vert\u00e9brale? | MEDICIA<\/title>\n<meta name=\"description\" content=\"Vous d\u00e9sirez vous faire op\u00e9rer au priv\u00e9 pour vos maux de dos? MEDICIA r\u00e9pond \u00e0 vos questions\" \/>\n<meta name=\"robots\" content=\"index, follow, max-snippet:-1, max-image-preview:large, max-video-preview:-1\" \/>\n<link rel=\"canonical\" href=\"https:\/\/medicia.ca\/en\/faq\/\" \/>\n<meta property=\"og:locale\" content=\"en_US\" \/>\n<meta property=\"og:type\" content=\"article\" \/>\n<meta property=\"og:title\" content=\"Combien co\u00fbte une chirurgie priv\u00e9e de la colonne vert\u00e9brale? | MEDICIA\" \/>\n<meta property=\"og:description\" content=\"Vous d\u00e9sirez vous faire op\u00e9rer au priv\u00e9 pour vos maux de dos? MEDICIA r\u00e9pond \u00e0 vos questions\" \/>\n<meta property=\"og:url\" content=\"https:\/\/medicia.ca\/en\/faq\/\" \/>\n<meta property=\"og:site_name\" content=\"MEDICIA\" \/>\n<meta property=\"og:image\" content=\"https:\/\/medicia.ca\/wp-content\/uploads\/2017\/10\/etape_4_medicia-scaled.jpeg\" \/>\n\t<meta property=\"og:image:width\" content=\"4896\" \/>\n\t<meta property=\"og:image:height\" content=\"3197\" \/>\n<meta name=\"twitter:card\" content=\"summary\" \/>\n<script type=\"application\/ld+json\" class=\"yoast-schema-graph\">{\"@context\":\"https:\/\/schema.org\",\"@graph\":[{\"@type\":\"WebSite\",\"@id\":\"https:\/\/medicia.ca\/en\/#website\",\"url\":\"https:\/\/medicia.ca\/en\/\",\"name\":\"MEDICIA\",\"description\":\"Chirurgies priv\\u00e9es de la colonne vert\\u00e9brale\",\"potentialAction\":[{\"@type\":\"SearchAction\",\"target\":{\"@type\":\"EntryPoint\",\"urlTemplate\":\"https:\/\/medicia.ca\/en\/?s={search_term_string}\"},\"query-input\":\"required name=search_term_string\"}],\"inLanguage\":\"en-US\"},{\"@type\":\"ImageObject\",\"@id\":\"https:\/\/medicia.ca\/en\/faq\/#primaryimage\",\"inLanguage\":\"en-US\",\"url\":\"https:\/\/medicia.ca\/wp-content\/uploads\/2017\/10\/etape_4_medicia-scaled.jpeg\",\"contentUrl\":\"https:\/\/medicia.ca\/wp-content\/uploads\/2017\/10\/etape_4_medicia-scaled.jpeg\",\"width\":4896,\"height\":3197,\"caption\":\"Stethoscope with clipboard and Laptop on desk, Doctor working in hospital writing a prescription, Healthcare and medical concept, test results in background, vintage color, selective focus.\"},{\"@type\":\"WebPage\",\"@id\":\"https:\/\/medicia.ca\/en\/faq\/#webpage\",\"url\":\"https:\/\/medicia.ca\/en\/faq\/\",\"name\":\"Combien co\\u00fbte une chirurgie priv\\u00e9e de la colonne vert\\u00e9brale? | MEDICIA\",\"isPartOf\":{\"@id\":\"https:\/\/medicia.ca\/en\/#website\"},\"primaryImageOfPage\":{\"@id\":\"https:\/\/medicia.ca\/en\/faq\/#primaryimage\"},\"datePublished\":\"2017-10-06T20:09:02+00:00\",\"dateModified\":\"2017-10-06T20:09:02+00:00\",\"description\":\"Vous d\\u00e9sirez vous faire op\\u00e9rer au priv\\u00e9 pour vos maux de dos? MEDICIA r\\u00e9pond \\u00e0 vos questions\",\"breadcrumb\":{\"@id\":\"https:\/\/medicia.ca\/en\/faq\/#breadcrumb\"},\"inLanguage\":\"en-US\",\"potentialAction\":[{\"@type\":\"ReadAction\",\"target\":[\"https:\/\/medicia.ca\/en\/faq\/\"]}]},{\"@type\":\"BreadcrumbList\",\"@id\":\"https:\/\/medicia.ca\/en\/faq\/#breadcrumb\",\"itemListElement\":[{\"@type\":\"ListItem\",\"position\":1,\"name\":\"Accueil\",\"item\":\"https:\/\/medicia.ca\/en\/\"},{\"@type\":\"ListItem\",\"position\":2,\"name\":\"FAQ\"}]}]}<\/script>\n<!-- \/ Yoast SEO plugin. -->","yoast_head_json":{"title":"Combien co\u00fbte une chirurgie priv\u00e9e de la colonne vert\u00e9brale? | MEDICIA","description":"Vous d\u00e9sirez vous faire op\u00e9rer au priv\u00e9 pour vos maux de dos? MEDICIA r\u00e9pond \u00e0 vos questions","robots":{"index":"index","follow":"follow","max-snippet":"max-snippet:-1","max-image-preview":"max-image-preview:large","max-video-preview":"max-video-preview:-1"},"canonical":"https:\/\/medicia.ca\/en\/faq\/","og_locale":"en_US","og_type":"article","og_title":"Combien co\u00fbte une chirurgie priv\u00e9e de la colonne vert\u00e9brale? | MEDICIA","og_description":"Vous d\u00e9sirez vous faire op\u00e9rer au priv\u00e9 pour vos maux de dos? MEDICIA r\u00e9pond \u00e0 vos questions","og_url":"https:\/\/medicia.ca\/en\/faq\/","og_site_name":"MEDICIA","og_image":[{"width":4896,"height":3197,"url":"https:\/\/medicia.ca\/wp-content\/uploads\/2017\/10\/etape_4_medicia-scaled.jpeg","path":"\/home\/s8yr6ekwa28c\/public_html\/wp-content\/uploads\/2017\/10\/etape_4_medicia-scaled.jpeg","size":"full","id":236,"alt":"","pixels":15652512,"type":"image\/jpeg"}],"twitter_card":"summary","schema":{"@context":"https:\/\/schema.org","@graph":[{"@type":"WebSite","@id":"https:\/\/medicia.ca\/en\/#website","url":"https:\/\/medicia.ca\/en\/","name":"MEDICIA","description":"Chirurgies priv\u00e9es de la colonne vert\u00e9brale","potentialAction":[{"@type":"SearchAction","target":{"@type":"EntryPoint","urlTemplate":"https:\/\/medicia.ca\/en\/?s={search_term_string}"},"query-input":"required name=search_term_string"}],"inLanguage":"en-US"},{"@type":"ImageObject","@id":"https:\/\/medicia.ca\/en\/faq\/#primaryimage","inLanguage":"en-US","url":"https:\/\/medicia.ca\/wp-content\/uploads\/2017\/10\/etape_4_medicia-scaled.jpeg","contentUrl":"https:\/\/medicia.ca\/wp-content\/uploads\/2017\/10\/etape_4_medicia-scaled.jpeg","width":4896,"height":3197,"caption":"Stethoscope with clipboard and Laptop on desk, Doctor working in hospital writing a prescription, Healthcare and medical concept, test results in background, vintage color, selective focus."},{"@type":"WebPage","@id":"https:\/\/medicia.ca\/en\/faq\/#webpage","url":"https:\/\/medicia.ca\/en\/faq\/","name":"Combien co\u00fbte une chirurgie priv\u00e9e de la colonne vert\u00e9brale? | MEDICIA","isPartOf":{"@id":"https:\/\/medicia.ca\/en\/#website"},"primaryImageOfPage":{"@id":"https:\/\/medicia.ca\/en\/faq\/#primaryimage"},"datePublished":"2017-10-06T20:09:02+00:00","dateModified":"2017-10-06T20:09:02+00:00","description":"Vous d\u00e9sirez vous faire op\u00e9rer au priv\u00e9 pour vos maux de dos? MEDICIA r\u00e9pond \u00e0 vos questions","breadcrumb":{"@id":"https:\/\/medicia.ca\/en\/faq\/#breadcrumb"},"inLanguage":"en-US","potentialAction":[{"@type":"ReadAction","target":["https:\/\/medicia.ca\/en\/faq\/"]}]},{"@type":"BreadcrumbList","@id":"https:\/\/medicia.ca\/en\/faq\/#breadcrumb","itemListElement":[{"@type":"ListItem","position":1,"name":"Accueil","item":"https:\/\/medicia.ca\/en\/"},{"@type":"ListItem","position":2,"name":"FAQ"}]}]}},"_links":{"self":[{"href":"https:\/\/medicia.ca\/en\/wp-json\/wp\/v2\/pages\/283"}],"collection":[{"href":"https:\/\/medicia.ca\/en\/wp-json\/wp\/v2\/pages"}],"about":[{"href":"https:\/\/medicia.ca\/en\/wp-json\/wp\/v2\/types\/page"}],"author":[{"embeddable":true,"href":"https:\/\/medicia.ca\/en\/wp-json\/wp\/v2\/users\/2"}],"replies":[{"embeddable":true,"href":"https:\/\/medicia.ca\/en\/wp-json\/wp\/v2\/comments?post=283"}],"version-history":[{"count":0,"href":"https:\/\/medicia.ca\/en\/wp-json\/wp\/v2\/pages\/283\/revisions"}],"wp:featuredmedia":[{"embeddable":true,"href":"https:\/\/medicia.ca\/en\/wp-json\/wp\/v2\/media\/236"}],"wp:attachment":[{"href":"https:\/\/medicia.ca\/en\/wp-json\/wp\/v2\/media?parent=283"}],"curies":[{"name":"wp","href":"https:\/\/api.w.org\/{rel}","templated":true}]}}